{"id":9941,"date":"2021-05-05T10:50:38","date_gmt":"2021-05-05T10:50:38","guid":{"rendered":"https:\/\/hotelterme.ba\/restoran\/"},"modified":"2024-08-15T12:31:41","modified_gmt":"2024-08-15T12:31:41","slug":"restoran","status":"publish","type":"page","link":"https:\/\/hotelterme.ba\/bs\/restoran\/","title":{"rendered":"Restoran"},"content":{"rendered":"\t\t<div data-elementor-type=\"wp-page\" data-elementor-id=\"9941\" class=\"elementor elementor-9941 elementor-1475\" data-elementor-post-type=\"page\">\n\t\t\t\t\t\t<section class=\"elementor-section elementor-top-section elementor-element elementor-element-3f688d0c elementor-section-stretched elementor-section-content-middle elementor-section-height-min-height elementor-section-boxed elementor-section-height-default elementor-section-items-middle\" data-id=\"3f688d0c\" data-element_type=\"section\" data-settings=\"{&quot;stretch_section&quot;:&quot;section-stretched&quot;,&quot;background_background&quot;:&quot;slideshow&quot;,&quot;background_slideshow_gallery&quot;:[{&quot;id&quot;:10992,&quot;url&quot;:&quot;https:\\\/\\\/hotelterme.ba\\\/wp-content\\\/uploads\\\/2024\\\/03\\\/20240328_111403-scaled.jpg&quot;},{&quot;id&quot;:10994,&quot;url&quot;:&quot;https:\\\/\\\/hotelterme.ba\\\/wp-content\\\/uploads\\\/2024\\\/03\\\/20240328_111615-scaled.jpg&quot;},{&quot;id&quot;:10996,&quot;url&quot;:&quot;https:\\\/\\\/hotelterme.ba\\\/wp-content\\\/uploads\\\/2024\\\/03\\\/20240328_111650-scaled.jpg&quot;},{&quot;id&quot;:10998,&quot;url&quot;:&quot;https:\\\/\\\/hotelterme.ba\\\/wp-content\\\/uploads\\\/2024\\\/03\\\/20240328_111926-scaled.jpg&quot;},{&quot;id&quot;:11000,&quot;url&quot;:&quot;https:\\\/\\\/hotelterme.ba\\\/wp-content\\\/uploads\\\/2024\\\/03\\\/20240328_112419-scaled.jpg&quot;}],&quot;background_slideshow_loop&quot;:&quot;yes&quot;,&quot;background_slideshow_slide_duration&quot;:5000,&quot;background_slideshow_slide_transition&quot;:&quot;fade&quot;,&quot;background_slideshow_transition_duration&quot;:500}\">\n\t\t\t\t\t\t\t<div class=\"elementor-background-overlay\"><\/div>\n\t\t\t\t\t\t\t<div class=\"elementor-container elementor-column-gap-default\">\n\t\t\t\t\t<div class=\"elementor-column elementor-col-100 elementor-top-column elementor-element elementor-element-607e314f\" data-id=\"607e314f\" data-element_type=\"column\">\n\t\t\t<div class=\"elementor-widget-wrap elementor-element-populated\">\n\t\t\t\t\t\t<div class=\"elementor-element elementor-element-267488ed elementor-widget elementor-widget-heading\" data-id=\"267488ed\" data-element_type=\"widget\" data-widget_type=\"heading.default\">\n\t\t\t\t<div class=\"elementor-widget-container\">\n\t\t\t\t\t<h1 class=\"elementor-heading-title elementor-size-default\">Restoran<\/h1>\t\t\t\t<\/div>\n\t\t\t\t<\/div>\n\t\t\t\t\t<\/div>\n\t\t<\/div>\n\t\t\t\t\t<\/div>\n\t\t<\/section>\n\t\t\t\t<section class=\"elementor-section elementor-top-section elementor-element elementor-element-22e16c56 elementor-section-stretched elementor-section-full_width elementor-section-content-middle elementor-section-height-default elementor-section-height-default\" data-id=\"22e16c56\" data-element_type=\"section\" data-settings=\"{&quot;stretch_section&quot;:&quot;section-stretched&quot;,&quot;background_background&quot;:&quot;classic&quot;}\">\n\t\t\t\t\t\t<div class=\"elementor-container elementor-column-gap-default\">\n\t\t\t\t\t<div class=\"elementor-column elementor-col-50 elementor-top-column elementor-element elementor-element-14d7308a\" data-id=\"14d7308a\" data-element_type=\"column\">\n\t\t\t<div class=\"elementor-widget-wrap elementor-element-populated\">\n\t\t\t\t\t\t<div class=\"elementor-element elementor-element-7b3bd78a elementor-widget elementor-widget-heading\" data-id=\"7b3bd78a\" data-element_type=\"widget\" data-widget_type=\"heading.default\">\n\t\t\t\t<div class=\"elementor-widget-container\">\n\t\t\t\t\t<h3 class=\"elementor-heading-title elementor-size-default\">A la carte <\/h3>\t\t\t\t<\/div>\n\t\t\t\t<\/div>\n\t\t\t\t<div class=\"elementor-element elementor-element-722975ad elementor-widget elementor-widget-heading\" data-id=\"722975ad\" data-element_type=\"widget\" data-widget_type=\"heading.default\">\n\t\t\t\t<div class=\"elementor-widget-container\">\n\t\t\t\t\t<h1 class=\"elementor-heading-title elementor-size-default\">Pogledajte na\u0161e restoran<\/h1>\t\t\t\t<\/div>\n\t\t\t\t<\/div>\n\t\t\t\t<div class=\"elementor-element elementor-element-0166c2b elementor-widget elementor-widget-text-editor\" data-id=\"0166c2b\" data-element_type=\"widget\" data-widget_type=\"text-editor.default\">\n\t\t\t\t<div class=\"elementor-widget-container\">\n\t\t\t\t\t\t\t\t\t<p>Restoran i bar u hotelu Terme je smje\u0161ten na prizemlju preko puta glavne recepcije, otvoren tokom cijelog dana, i nudi raznovrsna pi\u0107a i ukusna jela doma\u0107e, internacionalne i vegetarijanske kuhinje. U toploj atmosferi dobrodo\u0161lice u restoranu se slu\u017ei doru\u010dak\/ru\u010dak\/ve\u010dera po principu buffet\/\u0161vedski sto.<\/p>\n\t\t\t\t\t\t\t\t<\/div>\n\t\t\t\t<\/div>\n\t\t\t\t\t<\/div>\n\t\t<\/div>\n\t\t\t\t<div class=\"elementor-column elementor-col-50 elementor-top-column elementor-element elementor-element-3411d0f\" data-id=\"3411d0f\" data-element_type=\"column\">\n\t\t\t<div class=\"elementor-widget-wrap elementor-element-populated\">\n\t\t\t\t\t\t<div class=\"elementor-element elementor-element-f739817 elementor-arrows-position-inside elementor-widget elementor-widget-image-carousel\" data-id=\"f739817\" data-element_type=\"widget\" data-settings=\"{&quot;slides_to_show&quot;:&quot;1&quot;,&quot;navigation&quot;:&quot;arrows&quot;,&quot;autoplay&quot;:&quot;yes&quot;,&quot;pause_on_hover&quot;:&quot;yes&quot;,&quot;pause_on_interaction&quot;:&quot;yes&quot;,&quot;autoplay_speed&quot;:5000,&quot;infinite&quot;:&quot;yes&quot;,&quot;effect&quot;:&quot;slide&quot;,&quot;speed&quot;:500}\" data-widget_type=\"image-carousel.default\">\n\t\t\t\t<div class=\"elementor-widget-container\">\n\t\t\t\t\t\t\t<div class=\"elementor-image-carousel-wrapper swiper\" role=\"region\" aria-roledescription=\"carousel\" aria-label=\"Vrtuljak slika\" dir=\"ltr\">\n\t\t\t<div class=\"elementor-image-carousel swiper-wrapper\" aria-live=\"off\">\n\t\t\t\t\t\t\t\t<div class=\"swiper-slide\" role=\"group\" aria-roledescription=\"slide\" aria-label=\"1 of 7\"><figure class=\"swiper-slide-inner\"><img decoding=\"async\" class=\"swiper-slide-image\" src=\"https:\/\/hotelterme.ba\/wp-content\/uploads\/2024\/03\/20240328_112419-scaled-e1711671060694.jpg\" alt=\"20240328_112419\" \/><\/figure><\/div><div class=\"swiper-slide\" role=\"group\" aria-roledescription=\"slide\" aria-label=\"2 of 7\"><figure class=\"swiper-slide-inner\"><img decoding=\"async\" class=\"swiper-slide-image\" src=\"https:\/\/hotelterme.ba\/wp-content\/uploads\/2024\/03\/20240328_111926-scaled-e1711671117909.jpg\" alt=\"20240328_111926\" \/><\/figure><\/div><div class=\"swiper-slide\" role=\"group\" aria-roledescription=\"slide\" aria-label=\"3 of 7\"><figure class=\"swiper-slide-inner\"><img decoding=\"async\" class=\"swiper-slide-image\" src=\"https:\/\/hotelterme.ba\/wp-content\/uploads\/2024\/03\/20240328_111650-scaled-e1711671138995.jpg\" alt=\"20240328_111650\" \/><\/figure><\/div><div class=\"swiper-slide\" role=\"group\" aria-roledescription=\"slide\" aria-label=\"4 of 7\"><figure class=\"swiper-slide-inner\"><img decoding=\"async\" class=\"swiper-slide-image\" src=\"https:\/\/hotelterme.ba\/wp-content\/uploads\/2024\/03\/20240328_111615-scaled-e1711671158502.jpg\" alt=\"20240328_111615\" \/><\/figure><\/div><div class=\"swiper-slide\" role=\"group\" aria-roledescription=\"slide\" aria-label=\"5 of 7\"><figure class=\"swiper-slide-inner\"><img decoding=\"async\" class=\"swiper-slide-image\" src=\"https:\/\/hotelterme.ba\/wp-content\/uploads\/2024\/03\/20240328_111403-scaled-e1711671357910.jpg\" alt=\"20240328_111403\" \/><\/figure><\/div><div class=\"swiper-slide\" role=\"group\" aria-roledescription=\"slide\" aria-label=\"6 of 7\"><figure class=\"swiper-slide-inner\"><img decoding=\"async\" class=\"swiper-slide-image\" src=\"https:\/\/hotelterme.ba\/wp-content\/uploads\/2023\/12\/IMG-34d23963244aa108815f178444301612-V-1024x768-1-e1711671334861.jpg\" alt=\"IMG-34d23963244aa108815f178444301612-V-1024x768\" \/><\/figure><\/div><div class=\"swiper-slide\" role=\"group\" aria-roledescription=\"slide\" aria-label=\"7 of 7\"><figure class=\"swiper-slide-inner\"><img decoding=\"async\" class=\"swiper-slide-image\" src=\"https:\/\/hotelterme.ba\/wp-content\/uploads\/2023\/12\/IMG-a6aa9cd6634ba470518a52e13132d850-V-1024x768-1-e1711671315178.jpg\" alt=\"IMG-a6aa9cd6634ba470518a52e13132d850-V-1024x768\" \/><\/figure><\/div>\t\t\t<\/div>\n\t\t\t\t\t\t\t\t\t\t\t\t<div class=\"elementor-swiper-button elementor-swiper-button-prev\" role=\"button\" tabindex=\"0\">\n\t\t\t\t\t\t<svg aria-hidden=\"true\" class=\"e-font-icon-svg e-eicon-chevron-left\" viewBox=\"0 0 1000 1000\" xmlns=\"http:\/\/www.w3.org\/2000\/svg\"><path d=\"M646 125C629 125 613 133 604 142L308 442C296 454 292 471 292 487 292 504 296 521 308 533L604 854C617 867 629 875 646 875 663 875 679 871 692 858 704 846 713 829 713 812 713 796 708 779 692 767L438 487 692 225C700 217 708 204 708 187 708 171 704 154 692 142 675 129 663 125 646 125Z\"><\/path><\/svg>\t\t\t\t\t<\/div>\n\t\t\t\t\t<div class=\"elementor-swiper-button elementor-swiper-button-next\" role=\"button\" tabindex=\"0\">\n\t\t\t\t\t\t<svg aria-hidden=\"true\" class=\"e-font-icon-svg e-eicon-chevron-right\" viewBox=\"0 0 1000 1000\" xmlns=\"http:\/\/www.w3.org\/2000\/svg\"><path d=\"M696 533C708 521 713 504 713 487 713 471 708 454 696 446L400 146C388 133 375 125 354 125 338 125 325 129 313 142 300 154 292 171 292 187 292 204 296 221 308 233L563 492 304 771C292 783 288 800 288 817 288 833 296 850 308 863 321 871 338 875 354 875 371 875 388 867 400 854L696 533Z\"><\/path><\/svg>\t\t\t\t\t<\/div>\n\t\t\t\t\n\t\t\t\t\t\t\t\t\t<\/div>\n\t\t\t\t\t\t<\/div>\n\t\t\t\t<\/div>\n\t\t\t\t\t<\/div>\n\t\t<\/div>\n\t\t\t\t\t<\/div>\n\t\t<\/section>\n\t\t\t\t<section class=\"elementor-section elementor-top-section elementor-element elementor-element-c9e8d21 elementor-section-stretched elementor-section-full_width elementor-section-height-default elementor-section-height-default\" data-id=\"c9e8d21\" data-element_type=\"section\" data-settings=\"{&quot;stretch_section&quot;:&quot;section-stretched&quot;,&quot;background_background&quot;:&quot;slideshow&quot;,&quot;background_slideshow_gallery&quot;:[{&quot;id&quot;:11237,&quot;url&quot;:&quot;https:\\\/\\\/hotelterme.ba\\\/wp-content\\\/uploads\\\/2024\\\/03\\\/20240328_111403-scaled-e1711671357910-1.jpg&quot;},{&quot;id&quot;:11239,&quot;url&quot;:&quot;https:\\\/\\\/hotelterme.ba\\\/wp-content\\\/uploads\\\/2024\\\/03\\\/20240328_112419-scaled-e1711671060694-1.jpg&quot;},{&quot;id&quot;:11241,&quot;url&quot;:&quot;https:\\\/\\\/hotelterme.ba\\\/wp-content\\\/uploads\\\/2024\\\/03\\\/20240328_111926-scaled-e1711671117909-1.jpg&quot;},{&quot;id&quot;:11243,&quot;url&quot;:&quot;https:\\\/\\\/hotelterme.ba\\\/wp-content\\\/uploads\\\/2024\\\/03\\\/20240328_111650-scaled-e1711671138995-1.jpg&quot;},{&quot;id&quot;:11245,&quot;url&quot;:&quot;https:\\\/\\\/hotelterme.ba\\\/wp-content\\\/uploads\\\/2024\\\/03\\\/20240328_111615-scaled-e1711671158502-1.jpg&quot;}],&quot;background_slideshow_loop&quot;:&quot;yes&quot;,&quot;background_slideshow_slide_duration&quot;:5000,&quot;background_slideshow_slide_transition&quot;:&quot;fade&quot;,&quot;background_slideshow_transition_duration&quot;:500}\">\n\t\t\t\t\t\t\t<div class=\"elementor-background-overlay\"><\/div>\n\t\t\t\t\t\t\t<div class=\"elementor-container elementor-column-gap-default\">\n\t\t\t\t\t<div class=\"elementor-column elementor-col-100 elementor-top-column elementor-element elementor-element-68d5185\" data-id=\"68d5185\" data-element_type=\"column\">\n\t\t\t<div class=\"elementor-widget-wrap elementor-element-populated\">\n\t\t\t\t\t\t<div class=\"elementor-element elementor-element-8d30085 elementor-widget elementor-widget-heading\" data-id=\"8d30085\" data-element_type=\"widget\" data-widget_type=\"heading.default\">\n\t\t\t\t<div class=\"elementor-widget-container\">\n\t\t\t\t\t<h3 class=\"elementor-heading-title elementor-size-default\">\u017delite li rezervisati sto ili postaviti bilo kakva pitanja?<\/h3>\t\t\t\t<\/div>\n\t\t\t\t<\/div>\n\t\t\t\t<div class=\"elementor-element elementor-element-2088cf8 elementor-widget elementor-widget-text-editor\" data-id=\"2088cf8\" data-element_type=\"widget\" data-widget_type=\"text-editor.default\">\n\t\t\t\t<div class=\"elementor-widget-container\">\n\t\t\t\t\t\t\t\t\t<p>Raspored obroka za goste hotela:<\/p>\n<p>07:00 do 10:00<br \/>13:00 do 15:00<br \/>19:00 do 21:00<\/p>\n\t\t\t\t\t\t\t\t<\/div>\n\t\t\t\t<\/div>\n\t\t\t\t<div class=\"elementor-element elementor-element-663105c elementor-align-center elementor-mobile-align-center elementor-tablet-align-center elementor-widget elementor-widget-button\" data-id=\"663105c\" data-element_type=\"widget\" data-widget_type=\"button.default\">\n\t\t\t\t<div class=\"elementor-widget-container\">\n\t\t\t\t\t\t\t\t\t<div class=\"elementor-button-wrapper\">\n\t\t\t\t\t<a class=\"elementor-button elementor-button-link elementor-size-sm\" href=\"https:\/\/hotelterme.ba\/bs\/kontakt\/\">\n\t\t\t\t\t\t<span class=\"elementor-button-content-wrapper\">\n\t\t\t\t\t\t\t\t\t<span class=\"elementor-button-text\">Kontaktiraj nas<\/span>\n\t\t\t\t\t<\/span>\n\t\t\t\t\t<\/a>\n\t\t\t\t<\/div>\n\t\t\t\t\t\t\t\t<\/div>\n\t\t\t\t<\/div>\n\t\t\t\t\t<\/div>\n\t\t<\/div>\n\t\t\t\t\t<\/div>\n\t\t<\/section>\n\t\t\t\t<\/div>\n\t\t","protected":false},"excerpt":{"rendered":"<p>Restoran A la carte Pogledajte na\u0161e restoran Restoran i bar u hotelu Terme je smje\u0161ten na prizemlju preko puta glavne recepcije, otvoren tokom cijelog dana, i nudi raznovrsna pi\u0107a i ukusna jela doma\u0107e, internacionalne i vegetarijanske kuhinje. U toploj atmosferi dobrodo\u0161lice u restoranu se slu\u017ei doru\u010dak\/ru\u010dak\/ve\u010dera po principu buffet\/\u0161vedski sto. \u017delite li rezervisati sto ili [&hellip;]<\/p>\n","protected":false},"author":1,"featured_media":9507,"parent":0,"menu_order":0,"comment_status":"closed","ping_status":"closed","template":"","meta":{"_acf_changed":false,"inline_featured_image":false,"footnotes":""},"class_list":["post-9941","page","type-page","status-publish","has-post-thumbnail","hentry"],"acf":[],"_links":{"self":[{"href":"https:\/\/hotelterme.ba\/bs\/wp-json\/wp\/v2\/pages\/9941","targetHints":{"allow":["GET"]}}],"collection":[{"href":"https:\/\/hotelterme.ba\/bs\/wp-json\/wp\/v2\/pages"}],"about":[{"href":"https:\/\/hotelterme.ba\/bs\/wp-json\/wp\/v2\/types\/page"}],"author":[{"embeddable":true,"href":"https:\/\/hotelterme.ba\/bs\/wp-json\/wp\/v2\/users\/1"}],"replies":[{"embeddable":true,"href":"https:\/\/hotelterme.ba\/bs\/wp-json\/wp\/v2\/comments?post=9941"}],"version-history":[{"count":39,"href":"https:\/\/hotelterme.ba\/bs\/wp-json\/wp\/v2\/pages\/9941\/revisions"}],"predecessor-version":[{"id":12045,"href":"https:\/\/hotelterme.ba\/bs\/wp-json\/wp\/v2\/pages\/9941\/revisions\/12045"}],"wp:featuredmedia":[{"embeddable":true,"href":"https:\/\/hotelterme.ba\/bs\/wp-json\/wp\/v2\/media\/9507"}],"wp:attachment":[{"href":"https:\/\/hotelterme.ba\/bs\/wp-json\/wp\/v2\/media?parent=9941"}],"curies":[{"name":"wp","href":"https:\/\/api.w.org\/{rel}","templated":true}]}}